{"id":29,"date":"2018-03-07T13:13:31","date_gmt":"2018-03-07T13:13:31","guid":{"rendered":"http:\/\/acscustom.basforddev.com\/?page_id=29"},"modified":"2018-05-23T15:50:58","modified_gmt":"2018-05-23T15:50:58","slug":"shop","status":"publish","type":"page","link":"https:\/\/acscustom.es\/en\/shop\/","title":{"rendered":"Shop"},"content":{"rendered":"","protected":false},"excerpt":{"rendered":"","protected":false},"author":1,"featured_media":0,"parent":0,"menu_order":0,"comment_status":"closed","ping_status":"closed","template":"views\/page-shop.blade.php","meta":{"footnotes":""},"class_list":["post-29","page","type-page","status-publish","hentry"],"yoast_head":"<!-- This site is optimized with the Yoast SEO plugin v26.3 - https:\/\/yoast.com\/wordpress\/plugins\/seo\/ -->\n<title>Shop - Protectores Auditivos | In Ear Montors | Soluciones de Comunicaci\u00f3n<\/title>\n<meta name=\"description\" content=\"Shop - Tapones para los oidos - L\u00edder mundial en protecci\u00f3n auditiva personalizada. Suave silicona de grado m\u00e9dico con un ajuste perfecto. Comprar ahora!\" \/>\n<meta name=\"robots\" content=\"index, follow, max-snippet:-1, max-image-preview:large, max-video-preview:-1\" \/>\n<link rel=\"canonical\" href=\"https:\/\/acscustom.es\/en\/shop\/\" \/>\n<meta property=\"og:locale\" content=\"en_US\" \/>\n<meta property=\"og:type\" content=\"article\" \/>\n<meta property=\"og:title\" content=\"Shop - Protectores Auditivos | In Ear Montors | Soluciones de Comunicaci\u00f3n\" \/>\n<meta property=\"og:description\" content=\"Shop - Tapones para los oidos - L\u00edder mundial en protecci\u00f3n auditiva personalizada. Suave silicona de grado m\u00e9dico con un ajuste perfecto. Comprar ahora!\" \/>\n<meta property=\"og:url\" content=\"https:\/\/acscustom.es\/en\/shop\/\" \/>\n<meta property=\"og:site_name\" content=\"Protectores Auditivos | In Ear Montors | Soluciones de Comunicaci\u00f3n\" \/>\n<meta property=\"article:publisher\" content=\"http:\/\/facebook.com\/acscustom\" \/>\n<meta property=\"article:modified_time\" content=\"2018-05-23T15:50:58+00:00\" \/>\n<meta name=\"twitter:card\" content=\"summary_large_image\" \/>\n<meta name=\"twitter:site\" content=\"@acscustom\" \/>\n<script type=\"application\/ld+json\" class=\"yoast-schema-graph\">{\"@context\":\"https:\/\/schema.org\",\"@graph\":[{\"@type\":\"WebPage\",\"@id\":\"https:\/\/acscustom.es\/en\/shop\/\",\"url\":\"https:\/\/acscustom.es\/en\/shop\/\",\"name\":\"Shop - Protectores Auditivos | In Ear Montors | Soluciones de Comunicaci\u00f3n\",\"isPartOf\":{\"@id\":\"https:\/\/acscustom.es\/#website\"},\"datePublished\":\"2018-03-07T13:13:31+00:00\",\"dateModified\":\"2018-05-23T15:50:58+00:00\",\"description\":\"Shop - Tapones para los oidos - L\u00edder mundial en protecci\u00f3n auditiva personalizada. Suave silicona de grado m\u00e9dico con un ajuste perfecto. Comprar ahora!\",\"breadcrumb\":{\"@id\":\"https:\/\/acscustom.es\/en\/shop\/#breadcrumb\"},\"inLanguage\":\"en-US\",\"potentialAction\":[{\"@type\":\"ReadAction\",\"target\":[\"https:\/\/acscustom.es\/en\/shop\/\"]}]},{\"@type\":\"BreadcrumbList\",\"@id\":\"https:\/\/acscustom.es\/en\/shop\/#breadcrumb\",\"itemListElement\":[{\"@type\":\"ListItem\",\"position\":1,\"name\":\"Home\",\"item\":\"https:\/\/acscustom.es\/en\/\"},{\"@type\":\"ListItem\",\"position\":2,\"name\":\"Shop\"}]},{\"@type\":\"WebSite\",\"@id\":\"https:\/\/acscustom.es\/#website\",\"url\":\"https:\/\/acscustom.es\/\",\"name\":\"Protectores Auditivos | In Ear Montors | Soluciones de Comunicaci\u00f3n\",\"description\":\"Los mejores para los oidos con filtro de sonido del mundo para m\u00fasicos, industrias, aviaci\u00f3n, deportes de motor y militares\",\"publisher\":{\"@id\":\"https:\/\/acscustom.es\/#organization\"},\"potentialAction\":[{\"@type\":\"SearchAction\",\"target\":{\"@type\":\"EntryPoint\",\"urlTemplate\":\"https:\/\/acscustom.es\/?s={search_term_string}\"},\"query-input\":{\"@type\":\"PropertyValueSpecification\",\"valueRequired\":true,\"valueName\":\"search_term_string\"}}],\"inLanguage\":\"en-US\"},{\"@type\":\"Organization\",\"@id\":\"https:\/\/acscustom.es\/#organization\",\"name\":\"ACS Custom Espa\u00f1a\",\"url\":\"https:\/\/acscustom.es\/\",\"logo\":{\"@type\":\"ImageObject\",\"inLanguage\":\"en-US\",\"@id\":\"https:\/\/acscustom.es\/#\/schema\/logo\/image\/\",\"url\":\"https:\/\/acscustom.es\/wp-content\/uploads\/2019\/04\/acs-logo-grey.jpg\",\"contentUrl\":\"https:\/\/acscustom.es\/wp-content\/uploads\/2019\/04\/acs-logo-grey.jpg\",\"width\":576,\"height\":576,\"caption\":\"ACS Custom Espa\u00f1a\"},\"image\":{\"@id\":\"https:\/\/acscustom.es\/#\/schema\/logo\/image\/\"},\"sameAs\":[\"http:\/\/facebook.com\/acscustom\",\"https:\/\/x.com\/acscustom\",\"http:\/\/instagram.com\/acscustom\"]}]}<\/script>\n<!-- \/ Yoast SEO plugin. -->","yoast_head_json":{"title":"Shop - Protectores Auditivos | In Ear Montors | Soluciones de Comunicaci\u00f3n","description":"Shop - Tapones para los oidos - L\u00edder mundial en protecci\u00f3n auditiva personalizada. Suave silicona de grado m\u00e9dico con un ajuste perfecto. Comprar ahora!","robots":{"index":"index","follow":"follow","max-snippet":"max-snippet:-1","max-image-preview":"max-image-preview:large","max-video-preview":"max-video-preview:-1"},"canonical":"https:\/\/acscustom.es\/en\/shop\/","og_locale":"en_US","og_type":"article","og_title":"Shop - Protectores Auditivos | In Ear Montors | Soluciones de Comunicaci\u00f3n","og_description":"Shop - Tapones para los oidos - L\u00edder mundial en protecci\u00f3n auditiva personalizada. Suave silicona de grado m\u00e9dico con un ajuste perfecto. Comprar ahora!","og_url":"https:\/\/acscustom.es\/en\/shop\/","og_site_name":"Protectores Auditivos | In Ear Montors | Soluciones de Comunicaci\u00f3n","article_publisher":"http:\/\/facebook.com\/acscustom","article_modified_time":"2018-05-23T15:50:58+00:00","twitter_card":"summary_large_image","twitter_site":"@acscustom","schema":{"@context":"https:\/\/schema.org","@graph":[{"@type":"WebPage","@id":"https:\/\/acscustom.es\/en\/shop\/","url":"https:\/\/acscustom.es\/en\/shop\/","name":"Shop - Protectores Auditivos | In Ear Montors | Soluciones de Comunicaci\u00f3n","isPartOf":{"@id":"https:\/\/acscustom.es\/#website"},"datePublished":"2018-03-07T13:13:31+00:00","dateModified":"2018-05-23T15:50:58+00:00","description":"Shop - Tapones para los oidos - L\u00edder mundial en protecci\u00f3n auditiva personalizada. Suave silicona de grado m\u00e9dico con un ajuste perfecto. Comprar ahora!","breadcrumb":{"@id":"https:\/\/acscustom.es\/en\/shop\/#breadcrumb"},"inLanguage":"en-US","potentialAction":[{"@type":"ReadAction","target":["https:\/\/acscustom.es\/en\/shop\/"]}]},{"@type":"BreadcrumbList","@id":"https:\/\/acscustom.es\/en\/shop\/#breadcrumb","itemListElement":[{"@type":"ListItem","position":1,"name":"Home","item":"https:\/\/acscustom.es\/en\/"},{"@type":"ListItem","position":2,"name":"Shop"}]},{"@type":"WebSite","@id":"https:\/\/acscustom.es\/#website","url":"https:\/\/acscustom.es\/","name":"Protectores Auditivos | In Ear Montors | Soluciones de Comunicaci\u00f3n","description":"Los mejores para los oidos con filtro de sonido del mundo para m\u00fasicos, industrias, aviaci\u00f3n, deportes de motor y militares","publisher":{"@id":"https:\/\/acscustom.es\/#organization"},"potentialAction":[{"@type":"SearchAction","target":{"@type":"EntryPoint","urlTemplate":"https:\/\/acscustom.es\/?s={search_term_string}"},"query-input":{"@type":"PropertyValueSpecification","valueRequired":true,"valueName":"search_term_string"}}],"inLanguage":"en-US"},{"@type":"Organization","@id":"https:\/\/acscustom.es\/#organization","name":"ACS Custom Espa\u00f1a","url":"https:\/\/acscustom.es\/","logo":{"@type":"ImageObject","inLanguage":"en-US","@id":"https:\/\/acscustom.es\/#\/schema\/logo\/image\/","url":"https:\/\/acscustom.es\/wp-content\/uploads\/2019\/04\/acs-logo-grey.jpg","contentUrl":"https:\/\/acscustom.es\/wp-content\/uploads\/2019\/04\/acs-logo-grey.jpg","width":576,"height":576,"caption":"ACS Custom Espa\u00f1a"},"image":{"@id":"https:\/\/acscustom.es\/#\/schema\/logo\/image\/"},"sameAs":["http:\/\/facebook.com\/acscustom","https:\/\/x.com\/acscustom","http:\/\/instagram.com\/acscustom"]}]}},"_links":{"self":[{"href":"https:\/\/acscustom.es\/en\/wp-json\/wp\/v2\/pages\/29","targetHints":{"allow":["GET"]}}],"collection":[{"href":"https:\/\/acscustom.es\/en\/wp-json\/wp\/v2\/pages"}],"about":[{"href":"https:\/\/acscustom.es\/en\/wp-json\/wp\/v2\/types\/page"}],"author":[{"embeddable":true,"href":"https:\/\/acscustom.es\/en\/wp-json\/wp\/v2\/users\/1"}],"replies":[{"embeddable":true,"href":"https:\/\/acscustom.es\/en\/wp-json\/wp\/v2\/comments?post=29"}],"version-history":[{"count":0,"href":"https:\/\/acscustom.es\/en\/wp-json\/wp\/v2\/pages\/29\/revisions"}],"wp:attachment":[{"href":"https:\/\/acscustom.es\/en\/wp-json\/wp\/v2\/media?parent=29"}],"curies":[{"name":"wp","href":"https:\/\/api.w.org\/{rel}","templated":true}]}}