{"id":10169,"date":"2018-05-12T09:35:11","date_gmt":"2018-05-12T09:35:11","guid":{"rendered":"http:\/\/206.189.110.180?post_type=product&#038;p=10169"},"modified":"2018-05-24T14:45:01","modified_gmt":"2018-05-24T14:45:01","slug":"acs-pro-impulse","status":"publish","type":"product","link":"https:\/\/acscustom.es\/en\/product\/acs-pro-impulse\/","title":{"rendered":"ACS PRO IMPULSE"},"content":{"rendered":"<p>For higher levels of noise protection the PRO Impulse can be worn in conjuction with over-ear headsets. The new universal fit version with soft in-ear tips is now available for \u2018off the shelf\u2019 convenience. The small size of Impulse filters makes them unobtrusive and comfortable to wear, fitting easily under communications headsets or earmuffs where double protection is required.<\/p>\n<p>Developed for military use the Impulse filter protects hearing from gunfire, artillery noise and impulse sounds from nail guns, drop hammers and riveting.<br \/>\nDesigned to allow air to enter the ear, this unique filter technology retains spatiality and sound directionality as required in hunting and combat situations. Unlike competing products this ventilation minimises the occlusion effect and reduces irritation within the ear canal, maximising user comfort so limiting the causes of inflammation and infection.<\/p>\n<p>The Impulse filter has undergone full environmental testing for humidity, hot and cold temperatures, 12-hour comfort and sand storms. Fully washable with water and normal detergents, Impulse is suitable for all outdoor and indoor situations.<\/p>\n<p>The Impulse filter with custom mould has a constant noise SNR value of 15dB (estimated), suitable for continuous safe use to 100dB.<br \/>\nANSI IPIL certified impulse protection is 33.1 dB maximum.<\/p>\n<p>Please ensure that a noise assessment is carried out on site before purchasing your hearing protection as it is imperative the correct protection level is used.<\/p>\n","protected":false},"excerpt":{"rendered":"<p>The amazing Impulse filter technology is now available as an instant fit hearing protector.<\/p>\n<p>Average Protection Value: 15dB<br \/>\nPeak Protection value: 33dB<\/p>\n","protected":false},"featured_media":10163,"template":"","meta":[],"product_brand":[],"product_cat":[212],"product_tag":[],"class_list":{"0":"post-10169","1":"product","2":"type-product","3":"status-publish","4":"has-post-thumbnail","6":"product_cat-universal-fit","8":"first","9":"instock","10":"taxable","11":"shipping-taxable","12":"purchasable","13":"product-type-simple"},"yoast_head":"<!-- This site is optimized with the Yoast SEO plugin v26.3 - https:\/\/yoast.com\/wordpress\/plugins\/seo\/ -->\n<title>ACS PRO IMPULSE - Comprar en ACS Espa\u00f1a<\/title>\n<meta name=\"description\" content=\"ACS PRO IMPULSE - Tapones para los oidos - L\u00edder mundial en protecci\u00f3n auditiva personalizada. Suave silicona de grado m\u00e9dico con un ajuste perfecto. Comprar ahora!\" \/>\n<meta name=\"robots\" content=\"index, follow, max-snippet:-1, max-image-preview:large, max-video-preview:-1\" \/>\n<link rel=\"canonical\" href=\"https:\/\/acscustom.es\/en\/product\/acs-pro-impulse\/\" \/>\n<meta property=\"og:locale\" content=\"en_US\" \/>\n<meta property=\"og:type\" content=\"article\" \/>\n<meta property=\"og:title\" content=\"ACS PRO IMPULSE - Comprar en ACS Espa\u00f1a\" \/>\n<meta property=\"og:description\" content=\"ACS PRO IMPULSE - Tapones para los oidos - L\u00edder mundial en protecci\u00f3n auditiva personalizada. Suave silicona de grado m\u00e9dico con un ajuste perfecto. Comprar ahora!\" \/>\n<meta property=\"og:url\" content=\"https:\/\/acscustom.es\/en\/product\/acs-pro-impulse\/\" \/>\n<meta property=\"og:site_name\" content=\"Protectores Auditivos | In Ear Montors | Soluciones de Comunicaci\u00f3n\" \/>\n<meta property=\"article:publisher\" content=\"http:\/\/facebook.com\/acscustom\" \/>\n<meta property=\"article:modified_time\" content=\"2018-05-24T14:45:01+00:00\" \/>\n<meta property=\"og:image\" content=\"https:\/\/acscustom.es\/wp-content\/uploads\/2018\/05\/impulse-uni-box.jpg\" \/>\n\t<meta property=\"og:image:width\" content=\"1000\" \/>\n\t<meta property=\"og:image:height\" content=\"662\" \/>\n\t<meta property=\"og:image:type\" content=\"image\/jpeg\" \/>\n<meta name=\"twitter:card\" content=\"summary_large_image\" \/>\n<meta name=\"twitter:site\" content=\"@acscustom\" \/>\n<meta name=\"twitter:label1\" content=\"Est. reading time\" \/>\n\t<meta name=\"twitter:data1\" content=\"1 minute\" \/>\n<script type=\"application\/ld+json\" class=\"yoast-schema-graph\">{\"@context\":\"https:\/\/schema.org\",\"@graph\":[{\"@type\":\"WebPage\",\"@id\":\"https:\/\/acscustom.es\/en\/product\/acs-pro-impulse\/\",\"url\":\"https:\/\/acscustom.es\/en\/product\/acs-pro-impulse\/\",\"name\":\"ACS PRO IMPULSE - Comprar en ACS Espa\u00f1a\",\"isPartOf\":{\"@id\":\"https:\/\/acscustom.es\/#website\"},\"primaryImageOfPage\":{\"@id\":\"https:\/\/acscustom.es\/en\/product\/acs-pro-impulse\/#primaryimage\"},\"image\":{\"@id\":\"https:\/\/acscustom.es\/en\/product\/acs-pro-impulse\/#primaryimage\"},\"thumbnailUrl\":\"https:\/\/acscustom.es\/wp-content\/uploads\/2018\/05\/impulse-uni-box.jpg\",\"datePublished\":\"2018-05-12T09:35:11+00:00\",\"dateModified\":\"2018-05-24T14:45:01+00:00\",\"description\":\"ACS PRO IMPULSE - Tapones para los oidos - L\u00edder mundial en protecci\u00f3n auditiva personalizada. Suave silicona de grado m\u00e9dico con un ajuste perfecto. Comprar ahora!\",\"breadcrumb\":{\"@id\":\"https:\/\/acscustom.es\/en\/product\/acs-pro-impulse\/#breadcrumb\"},\"inLanguage\":\"en-US\",\"potentialAction\":[{\"@type\":\"ReadAction\",\"target\":[\"https:\/\/acscustom.es\/en\/product\/acs-pro-impulse\/\"]}]},{\"@type\":\"ImageObject\",\"inLanguage\":\"en-US\",\"@id\":\"https:\/\/acscustom.es\/en\/product\/acs-pro-impulse\/#primaryimage\",\"url\":\"https:\/\/acscustom.es\/wp-content\/uploads\/2018\/05\/impulse-uni-box.jpg\",\"contentUrl\":\"https:\/\/acscustom.es\/wp-content\/uploads\/2018\/05\/impulse-uni-box.jpg\",\"width\":1000,\"height\":662},{\"@type\":\"BreadcrumbList\",\"@id\":\"https:\/\/acscustom.es\/en\/product\/acs-pro-impulse\/#breadcrumb\",\"itemListElement\":[{\"@type\":\"ListItem\",\"position\":1,\"name\":\"Home\",\"item\":\"https:\/\/acscustom.es\/en\/\"},{\"@type\":\"ListItem\",\"position\":2,\"name\":\"Products\",\"item\":\"https:\/\/acscustom.es\/en\/products\/\"},{\"@type\":\"ListItem\",\"position\":3,\"name\":\"ACS PRO IMPULSE\"}]},{\"@type\":\"WebSite\",\"@id\":\"https:\/\/acscustom.es\/#website\",\"url\":\"https:\/\/acscustom.es\/\",\"name\":\"Protectores Auditivos | In Ear Montors | Soluciones de Comunicaci\u00f3n\",\"description\":\"Los mejores para los oidos con filtro de sonido del mundo para m\u00fasicos, industrias, aviaci\u00f3n, deportes de motor y militares\",\"publisher\":{\"@id\":\"https:\/\/acscustom.es\/#organization\"},\"potentialAction\":[{\"@type\":\"SearchAction\",\"target\":{\"@type\":\"EntryPoint\",\"urlTemplate\":\"https:\/\/acscustom.es\/?s={search_term_string}\"},\"query-input\":{\"@type\":\"PropertyValueSpecification\",\"valueRequired\":true,\"valueName\":\"search_term_string\"}}],\"inLanguage\":\"en-US\"},{\"@type\":\"Organization\",\"@id\":\"https:\/\/acscustom.es\/#organization\",\"name\":\"ACS Custom Espa\u00f1a\",\"url\":\"https:\/\/acscustom.es\/\",\"logo\":{\"@type\":\"ImageObject\",\"inLanguage\":\"en-US\",\"@id\":\"https:\/\/acscustom.es\/#\/schema\/logo\/image\/\",\"url\":\"https:\/\/acscustom.es\/wp-content\/uploads\/2019\/04\/acs-logo-grey.jpg\",\"contentUrl\":\"https:\/\/acscustom.es\/wp-content\/uploads\/2019\/04\/acs-logo-grey.jpg\",\"width\":576,\"height\":576,\"caption\":\"ACS Custom Espa\u00f1a\"},\"image\":{\"@id\":\"https:\/\/acscustom.es\/#\/schema\/logo\/image\/\"},\"sameAs\":[\"http:\/\/facebook.com\/acscustom\",\"https:\/\/x.com\/acscustom\",\"http:\/\/instagram.com\/acscustom\"]}]}<\/script>\n<!-- \/ Yoast SEO plugin. -->","yoast_head_json":{"title":"ACS PRO IMPULSE - Comprar en ACS Espa\u00f1a","description":"ACS PRO IMPULSE - Tapones para los oidos - L\u00edder mundial en protecci\u00f3n auditiva personalizada. Suave silicona de grado m\u00e9dico con un ajuste perfecto. Comprar ahora!","robots":{"index":"index","follow":"follow","max-snippet":"max-snippet:-1","max-image-preview":"max-image-preview:large","max-video-preview":"max-video-preview:-1"},"canonical":"https:\/\/acscustom.es\/en\/product\/acs-pro-impulse\/","og_locale":"en_US","og_type":"article","og_title":"ACS PRO IMPULSE - Comprar en ACS Espa\u00f1a","og_description":"ACS PRO IMPULSE - Tapones para los oidos - L\u00edder mundial en protecci\u00f3n auditiva personalizada. Suave silicona de grado m\u00e9dico con un ajuste perfecto. Comprar ahora!","og_url":"https:\/\/acscustom.es\/en\/product\/acs-pro-impulse\/","og_site_name":"Protectores Auditivos | In Ear Montors | Soluciones de Comunicaci\u00f3n","article_publisher":"http:\/\/facebook.com\/acscustom","article_modified_time":"2018-05-24T14:45:01+00:00","og_image":[{"width":1000,"height":662,"url":"https:\/\/acscustom.es\/wp-content\/uploads\/2018\/05\/impulse-uni-box.jpg","type":"image\/jpeg"}],"twitter_card":"summary_large_image","twitter_site":"@acscustom","twitter_misc":{"Est. reading time":"1 minute"},"schema":{"@context":"https:\/\/schema.org","@graph":[{"@type":"WebPage","@id":"https:\/\/acscustom.es\/en\/product\/acs-pro-impulse\/","url":"https:\/\/acscustom.es\/en\/product\/acs-pro-impulse\/","name":"ACS PRO IMPULSE - Comprar en ACS Espa\u00f1a","isPartOf":{"@id":"https:\/\/acscustom.es\/#website"},"primaryImageOfPage":{"@id":"https:\/\/acscustom.es\/en\/product\/acs-pro-impulse\/#primaryimage"},"image":{"@id":"https:\/\/acscustom.es\/en\/product\/acs-pro-impulse\/#primaryimage"},"thumbnailUrl":"https:\/\/acscustom.es\/wp-content\/uploads\/2018\/05\/impulse-uni-box.jpg","datePublished":"2018-05-12T09:35:11+00:00","dateModified":"2018-05-24T14:45:01+00:00","description":"ACS PRO IMPULSE - Tapones para los oidos - L\u00edder mundial en protecci\u00f3n auditiva personalizada. Suave silicona de grado m\u00e9dico con un ajuste perfecto. Comprar ahora!","breadcrumb":{"@id":"https:\/\/acscustom.es\/en\/product\/acs-pro-impulse\/#breadcrumb"},"inLanguage":"en-US","potentialAction":[{"@type":"ReadAction","target":["https:\/\/acscustom.es\/en\/product\/acs-pro-impulse\/"]}]},{"@type":"ImageObject","inLanguage":"en-US","@id":"https:\/\/acscustom.es\/en\/product\/acs-pro-impulse\/#primaryimage","url":"https:\/\/acscustom.es\/wp-content\/uploads\/2018\/05\/impulse-uni-box.jpg","contentUrl":"https:\/\/acscustom.es\/wp-content\/uploads\/2018\/05\/impulse-uni-box.jpg","width":1000,"height":662},{"@type":"BreadcrumbList","@id":"https:\/\/acscustom.es\/en\/product\/acs-pro-impulse\/#breadcrumb","itemListElement":[{"@type":"ListItem","position":1,"name":"Home","item":"https:\/\/acscustom.es\/en\/"},{"@type":"ListItem","position":2,"name":"Products","item":"https:\/\/acscustom.es\/en\/products\/"},{"@type":"ListItem","position":3,"name":"ACS PRO IMPULSE"}]},{"@type":"WebSite","@id":"https:\/\/acscustom.es\/#website","url":"https:\/\/acscustom.es\/","name":"Protectores Auditivos | In Ear Montors | Soluciones de Comunicaci\u00f3n","description":"Los mejores para los oidos con filtro de sonido del mundo para m\u00fasicos, industrias, aviaci\u00f3n, deportes de motor y militares","publisher":{"@id":"https:\/\/acscustom.es\/#organization"},"potentialAction":[{"@type":"SearchAction","target":{"@type":"EntryPoint","urlTemplate":"https:\/\/acscustom.es\/?s={search_term_string}"},"query-input":{"@type":"PropertyValueSpecification","valueRequired":true,"valueName":"search_term_string"}}],"inLanguage":"en-US"},{"@type":"Organization","@id":"https:\/\/acscustom.es\/#organization","name":"ACS Custom Espa\u00f1a","url":"https:\/\/acscustom.es\/","logo":{"@type":"ImageObject","inLanguage":"en-US","@id":"https:\/\/acscustom.es\/#\/schema\/logo\/image\/","url":"https:\/\/acscustom.es\/wp-content\/uploads\/2019\/04\/acs-logo-grey.jpg","contentUrl":"https:\/\/acscustom.es\/wp-content\/uploads\/2019\/04\/acs-logo-grey.jpg","width":576,"height":576,"caption":"ACS Custom Espa\u00f1a"},"image":{"@id":"https:\/\/acscustom.es\/#\/schema\/logo\/image\/"},"sameAs":["http:\/\/facebook.com\/acscustom","https:\/\/x.com\/acscustom","http:\/\/instagram.com\/acscustom"]}]}},"_links":{"self":[{"href":"https:\/\/acscustom.es\/en\/wp-json\/wp\/v2\/product\/10169","targetHints":{"allow":["GET"]}}],"collection":[{"href":"https:\/\/acscustom.es\/en\/wp-json\/wp\/v2\/product"}],"about":[{"href":"https:\/\/acscustom.es\/en\/wp-json\/wp\/v2\/types\/product"}],"wp:featuredmedia":[{"embeddable":true,"href":"https:\/\/acscustom.es\/en\/wp-json\/wp\/v2\/media\/10163"}],"wp:attachment":[{"href":"https:\/\/acscustom.es\/en\/wp-json\/wp\/v2\/media?parent=10169"}],"wp:term":[{"taxonomy":"product_brand","embeddable":true,"href":"https:\/\/acscustom.es\/en\/wp-json\/wp\/v2\/product_brand?post=10169"},{"taxonomy":"product_cat","embeddable":true,"href":"https:\/\/acscustom.es\/en\/wp-json\/wp\/v2\/product_cat?post=10169"},{"taxonomy":"product_tag","embeddable":true,"href":"https:\/\/acscustom.es\/en\/wp-json\/wp\/v2\/product_tag?post=10169"}],"curies":[{"name":"wp","href":"https:\/\/api.w.org\/{rel}","templated":true}]}}