{"id":6184,"date":"2018-04-06T20:36:51","date_gmt":"2018-04-06T20:36:51","guid":{"rendered":"http:\/\/acscustom.basforddev.com\/?post_type=product&#038;p=6184"},"modified":"2018-04-06T20:36:51","modified_gmt":"2018-04-06T20:36:51","slug":"acs-live-series-audio-cable","status":"publish","type":"product","link":"https:\/\/acscustom.es\/en\/product\/acs-live-series-audio-cable\/","title":{"rendered":"ACS Live! Series Audio Cable"},"content":{"rendered":"","protected":false},"excerpt":{"rendered":"<p class=\"p1\"><span class=\"s1\">Replacement audio cable for ACS Live! Series IEM&#8217;s. This resilient cable features a 5 pin connector to the ear and 3.5mm jack to source. Standard cable length is 1.5m total. Compatible with ACS Live! Series IEM&#8217;s only <\/span><\/p>\n","protected":false},"featured_media":6185,"template":"","meta":[],"product_brand":[],"product_cat":[24],"product_tag":[],"class_list":{"0":"post-6184","1":"product","2":"type-product","3":"status-publish","4":"has-post-thumbnail","6":"product_cat-accessories","8":"first","9":"instock","10":"taxable","11":"shipping-taxable","12":"purchasable","13":"product-type-simple"},"yoast_head":"<!-- This site is optimized with the Yoast SEO plugin v26.3 - https:\/\/yoast.com\/wordpress\/plugins\/seo\/ -->\n<title>ACS Live! Series Audio Cable - Comprar en ACS Espa\u00f1a<\/title>\n<meta name=\"description\" content=\"ACS Live! Series Audio Cable - Tapones para los oidos - L\u00edder mundial en protecci\u00f3n auditiva personalizada. Suave silicona de grado m\u00e9dico con un ajuste perfecto. Comprar ahora!\" \/>\n<meta name=\"robots\" content=\"index, follow, max-snippet:-1, max-image-preview:large, max-video-preview:-1\" \/>\n<link rel=\"canonical\" href=\"https:\/\/acscustom.es\/en\/product\/acs-live-series-audio-cable\/\" \/>\n<meta property=\"og:locale\" content=\"en_US\" \/>\n<meta property=\"og:type\" content=\"article\" \/>\n<meta property=\"og:title\" content=\"ACS Live! Series Audio Cable - Comprar en ACS Espa\u00f1a\" \/>\n<meta property=\"og:description\" content=\"ACS Live! Series Audio Cable - Tapones para los oidos - L\u00edder mundial en protecci\u00f3n auditiva personalizada. Suave silicona de grado m\u00e9dico con un ajuste perfecto. Comprar ahora!\" \/>\n<meta property=\"og:url\" content=\"https:\/\/acscustom.es\/en\/product\/acs-live-series-audio-cable\/\" \/>\n<meta property=\"og:site_name\" content=\"Protectores Auditivos | In Ear Montors | Soluciones de Comunicaci\u00f3n\" \/>\n<meta property=\"article:publisher\" content=\"http:\/\/facebook.com\/acscustom\" \/>\n<meta property=\"og:image\" content=\"https:\/\/acscustom.es\/wp-content\/uploads\/2018\/04\/live-series-cable.jpg\" \/>\n\t<meta property=\"og:image:width\" content=\"1000\" \/>\n\t<meta property=\"og:image:height\" content=\"662\" \/>\n\t<meta property=\"og:image:type\" content=\"image\/jpeg\" \/>\n<meta name=\"twitter:card\" content=\"summary_large_image\" \/>\n<meta name=\"twitter:site\" content=\"@acscustom\" \/>\n<script type=\"application\/ld+json\" class=\"yoast-schema-graph\">{\"@context\":\"https:\/\/schema.org\",\"@graph\":[{\"@type\":\"WebPage\",\"@id\":\"https:\/\/acscustom.es\/en\/product\/acs-live-series-audio-cable\/\",\"url\":\"https:\/\/acscustom.es\/en\/product\/acs-live-series-audio-cable\/\",\"name\":\"ACS Live! Series Audio Cable - Comprar en ACS Espa\u00f1a\",\"isPartOf\":{\"@id\":\"https:\/\/acscustom.es\/#website\"},\"primaryImageOfPage\":{\"@id\":\"https:\/\/acscustom.es\/en\/product\/acs-live-series-audio-cable\/#primaryimage\"},\"image\":{\"@id\":\"https:\/\/acscustom.es\/en\/product\/acs-live-series-audio-cable\/#primaryimage\"},\"thumbnailUrl\":\"https:\/\/acscustom.es\/wp-content\/uploads\/2018\/04\/live-series-cable.jpg\",\"datePublished\":\"2018-04-06T20:36:51+00:00\",\"description\":\"ACS Live! Series Audio Cable - Tapones para los oidos - L\u00edder mundial en protecci\u00f3n auditiva personalizada. Suave silicona de grado m\u00e9dico con un ajuste perfecto. Comprar ahora!\",\"breadcrumb\":{\"@id\":\"https:\/\/acscustom.es\/en\/product\/acs-live-series-audio-cable\/#breadcrumb\"},\"inLanguage\":\"en-US\",\"potentialAction\":[{\"@type\":\"ReadAction\",\"target\":[\"https:\/\/acscustom.es\/en\/product\/acs-live-series-audio-cable\/\"]}]},{\"@type\":\"ImageObject\",\"inLanguage\":\"en-US\",\"@id\":\"https:\/\/acscustom.es\/en\/product\/acs-live-series-audio-cable\/#primaryimage\",\"url\":\"https:\/\/acscustom.es\/wp-content\/uploads\/2018\/04\/live-series-cable.jpg\",\"contentUrl\":\"https:\/\/acscustom.es\/wp-content\/uploads\/2018\/04\/live-series-cable.jpg\",\"width\":1000,\"height\":662},{\"@type\":\"BreadcrumbList\",\"@id\":\"https:\/\/acscustom.es\/en\/product\/acs-live-series-audio-cable\/#breadcrumb\",\"itemListElement\":[{\"@type\":\"ListItem\",\"position\":1,\"name\":\"Home\",\"item\":\"https:\/\/acscustom.es\/en\/\"},{\"@type\":\"ListItem\",\"position\":2,\"name\":\"Products\",\"item\":\"https:\/\/acscustom.es\/en\/products\/\"},{\"@type\":\"ListItem\",\"position\":3,\"name\":\"ACS Live! Series Audio Cable\"}]},{\"@type\":\"WebSite\",\"@id\":\"https:\/\/acscustom.es\/#website\",\"url\":\"https:\/\/acscustom.es\/\",\"name\":\"Protectores Auditivos | In Ear Montors | Soluciones de Comunicaci\u00f3n\",\"description\":\"Los mejores para los oidos con filtro de sonido del mundo para m\u00fasicos, industrias, aviaci\u00f3n, deportes de motor y militares\",\"publisher\":{\"@id\":\"https:\/\/acscustom.es\/#organization\"},\"potentialAction\":[{\"@type\":\"SearchAction\",\"target\":{\"@type\":\"EntryPoint\",\"urlTemplate\":\"https:\/\/acscustom.es\/?s={search_term_string}\"},\"query-input\":{\"@type\":\"PropertyValueSpecification\",\"valueRequired\":true,\"valueName\":\"search_term_string\"}}],\"inLanguage\":\"en-US\"},{\"@type\":\"Organization\",\"@id\":\"https:\/\/acscustom.es\/#organization\",\"name\":\"ACS Custom Espa\u00f1a\",\"url\":\"https:\/\/acscustom.es\/\",\"logo\":{\"@type\":\"ImageObject\",\"inLanguage\":\"en-US\",\"@id\":\"https:\/\/acscustom.es\/#\/schema\/logo\/image\/\",\"url\":\"https:\/\/acscustom.es\/wp-content\/uploads\/2019\/04\/acs-logo-grey.jpg\",\"contentUrl\":\"https:\/\/acscustom.es\/wp-content\/uploads\/2019\/04\/acs-logo-grey.jpg\",\"width\":576,\"height\":576,\"caption\":\"ACS Custom Espa\u00f1a\"},\"image\":{\"@id\":\"https:\/\/acscustom.es\/#\/schema\/logo\/image\/\"},\"sameAs\":[\"http:\/\/facebook.com\/acscustom\",\"https:\/\/x.com\/acscustom\",\"http:\/\/instagram.com\/acscustom\"]}]}<\/script>\n<!-- \/ Yoast SEO plugin. -->","yoast_head_json":{"title":"ACS Live! Series Audio Cable - Comprar en ACS Espa\u00f1a","description":"ACS Live! Series Audio Cable - Tapones para los oidos - L\u00edder mundial en protecci\u00f3n auditiva personalizada. Suave silicona de grado m\u00e9dico con un ajuste perfecto. Comprar ahora!","robots":{"index":"index","follow":"follow","max-snippet":"max-snippet:-1","max-image-preview":"max-image-preview:large","max-video-preview":"max-video-preview:-1"},"canonical":"https:\/\/acscustom.es\/en\/product\/acs-live-series-audio-cable\/","og_locale":"en_US","og_type":"article","og_title":"ACS Live! Series Audio Cable - Comprar en ACS Espa\u00f1a","og_description":"ACS Live! Series Audio Cable - Tapones para los oidos - L\u00edder mundial en protecci\u00f3n auditiva personalizada. Suave silicona de grado m\u00e9dico con un ajuste perfecto. Comprar ahora!","og_url":"https:\/\/acscustom.es\/en\/product\/acs-live-series-audio-cable\/","og_site_name":"Protectores Auditivos | In Ear Montors | Soluciones de Comunicaci\u00f3n","article_publisher":"http:\/\/facebook.com\/acscustom","og_image":[{"width":1000,"height":662,"url":"https:\/\/acscustom.es\/wp-content\/uploads\/2018\/04\/live-series-cable.jpg","type":"image\/jpeg"}],"twitter_card":"summary_large_image","twitter_site":"@acscustom","schema":{"@context":"https:\/\/schema.org","@graph":[{"@type":"WebPage","@id":"https:\/\/acscustom.es\/en\/product\/acs-live-series-audio-cable\/","url":"https:\/\/acscustom.es\/en\/product\/acs-live-series-audio-cable\/","name":"ACS Live! Series Audio Cable - Comprar en ACS Espa\u00f1a","isPartOf":{"@id":"https:\/\/acscustom.es\/#website"},"primaryImageOfPage":{"@id":"https:\/\/acscustom.es\/en\/product\/acs-live-series-audio-cable\/#primaryimage"},"image":{"@id":"https:\/\/acscustom.es\/en\/product\/acs-live-series-audio-cable\/#primaryimage"},"thumbnailUrl":"https:\/\/acscustom.es\/wp-content\/uploads\/2018\/04\/live-series-cable.jpg","datePublished":"2018-04-06T20:36:51+00:00","description":"ACS Live! Series Audio Cable - Tapones para los oidos - L\u00edder mundial en protecci\u00f3n auditiva personalizada. Suave silicona de grado m\u00e9dico con un ajuste perfecto. Comprar ahora!","breadcrumb":{"@id":"https:\/\/acscustom.es\/en\/product\/acs-live-series-audio-cable\/#breadcrumb"},"inLanguage":"en-US","potentialAction":[{"@type":"ReadAction","target":["https:\/\/acscustom.es\/en\/product\/acs-live-series-audio-cable\/"]}]},{"@type":"ImageObject","inLanguage":"en-US","@id":"https:\/\/acscustom.es\/en\/product\/acs-live-series-audio-cable\/#primaryimage","url":"https:\/\/acscustom.es\/wp-content\/uploads\/2018\/04\/live-series-cable.jpg","contentUrl":"https:\/\/acscustom.es\/wp-content\/uploads\/2018\/04\/live-series-cable.jpg","width":1000,"height":662},{"@type":"BreadcrumbList","@id":"https:\/\/acscustom.es\/en\/product\/acs-live-series-audio-cable\/#breadcrumb","itemListElement":[{"@type":"ListItem","position":1,"name":"Home","item":"https:\/\/acscustom.es\/en\/"},{"@type":"ListItem","position":2,"name":"Products","item":"https:\/\/acscustom.es\/en\/products\/"},{"@type":"ListItem","position":3,"name":"ACS Live! Series Audio Cable"}]},{"@type":"WebSite","@id":"https:\/\/acscustom.es\/#website","url":"https:\/\/acscustom.es\/","name":"Protectores Auditivos | In Ear Montors | Soluciones de Comunicaci\u00f3n","description":"Los mejores para los oidos con filtro de sonido del mundo para m\u00fasicos, industrias, aviaci\u00f3n, deportes de motor y militares","publisher":{"@id":"https:\/\/acscustom.es\/#organization"},"potentialAction":[{"@type":"SearchAction","target":{"@type":"EntryPoint","urlTemplate":"https:\/\/acscustom.es\/?s={search_term_string}"},"query-input":{"@type":"PropertyValueSpecification","valueRequired":true,"valueName":"search_term_string"}}],"inLanguage":"en-US"},{"@type":"Organization","@id":"https:\/\/acscustom.es\/#organization","name":"ACS Custom Espa\u00f1a","url":"https:\/\/acscustom.es\/","logo":{"@type":"ImageObject","inLanguage":"en-US","@id":"https:\/\/acscustom.es\/#\/schema\/logo\/image\/","url":"https:\/\/acscustom.es\/wp-content\/uploads\/2019\/04\/acs-logo-grey.jpg","contentUrl":"https:\/\/acscustom.es\/wp-content\/uploads\/2019\/04\/acs-logo-grey.jpg","width":576,"height":576,"caption":"ACS Custom Espa\u00f1a"},"image":{"@id":"https:\/\/acscustom.es\/#\/schema\/logo\/image\/"},"sameAs":["http:\/\/facebook.com\/acscustom","https:\/\/x.com\/acscustom","http:\/\/instagram.com\/acscustom"]}]}},"_links":{"self":[{"href":"https:\/\/acscustom.es\/en\/wp-json\/wp\/v2\/product\/6184","targetHints":{"allow":["GET"]}}],"collection":[{"href":"https:\/\/acscustom.es\/en\/wp-json\/wp\/v2\/product"}],"about":[{"href":"https:\/\/acscustom.es\/en\/wp-json\/wp\/v2\/types\/product"}],"wp:featuredmedia":[{"embeddable":true,"href":"https:\/\/acscustom.es\/en\/wp-json\/wp\/v2\/media\/6185"}],"wp:attachment":[{"href":"https:\/\/acscustom.es\/en\/wp-json\/wp\/v2\/media?parent=6184"}],"wp:term":[{"taxonomy":"product_brand","embeddable":true,"href":"https:\/\/acscustom.es\/en\/wp-json\/wp\/v2\/product_brand?post=6184"},{"taxonomy":"product_cat","embeddable":true,"href":"https:\/\/acscustom.es\/en\/wp-json\/wp\/v2\/product_cat?post=6184"},{"taxonomy":"product_tag","embeddable":true,"href":"https:\/\/acscustom.es\/en\/wp-json\/wp\/v2\/product_tag?post=6184"}],"curies":[{"name":"wp","href":"https:\/\/api.w.org\/{rel}","templated":true}]}}