{"id":6695,"date":"2018-04-09T16:14:54","date_gmt":"2018-04-09T16:14:54","guid":{"rendered":"http:\/\/acscustom.basforddev.com\/?post_type=product&#038;p=6695"},"modified":"2019-07-09T19:05:49","modified_gmt":"2019-07-09T17:05:49","slug":"broadcast-mould","status":"publish","type":"product","link":"https:\/\/acscustom.es\/en\/product\/broadcast-mould\/","title":{"rendered":"BROADCAST MOULD"},"content":{"rendered":"<p class=\"p1\"><span class=\"s1\">The ACS Broadcast mould offers a comfortable, custom fit solution for use with broadcasting or radio equipment. <\/span><\/p>\n<p class=\"p2\"><span class=\"s1\">Light &amp; discreet in the ear, Broadcast delivers clear sound so everything can be heard.<\/span><\/p>\n<p class=\"p2\"><span class=\"s1\">When you work in broadcasting you know the importance of getting things right first time and having things run smoothly when you&#8217;re on-air. ACS broadcast moulds are altogether individual and reliable meaning you have one less thing to worry about. Making sure that you have a perfect fit means that you can hear what&#8217;s going on when it matters most, ensuring your earpiece stays put and offering unprecedented comfort that allows you to work unhindered.<\/span><\/p>\n<p class=\"p2\"><span class=\"s1\">Available to order as a pair or a single ear piece.<\/span><\/p>\n<p class=\"p2\"><span class=\"s1\">ACS offers those working in broadcasting a completely individual service with a range of options, colours and materials which can be tailored to your specific requirements. Please call us with any questions or to discuss your requirements.<\/span><\/p>\n","protected":false},"excerpt":{"rendered":"<p class=\"p1\"><span class=\"s1\"><b>Light &amp; discreet in the ear, Broadcast moulds deliver clear sound so everything can be heard. <\/b><\/span><\/p>\n<p class=\"p1\"><span class=\"s1\">The custom made soft silicone earpiece ensures a comfortable and secure fit, while the lightweight tube delivers clear sound. <\/span><\/p>\n","protected":false},"featured_media":6696,"template":"","meta":[],"product_brand":[],"product_cat":[23],"product_tag":[],"class_list":{"0":"post-6695","1":"product","2":"type-product","3":"status-publish","4":"has-post-thumbnail","6":"product_cat-communications","8":"first","9":"instock","10":"taxable","11":"shipping-taxable","12":"purchasable","13":"product-type-variable"},"yoast_head":"<!-- This site is optimized with the Yoast SEO plugin v26.3 - https:\/\/yoast.com\/wordpress\/plugins\/seo\/ -->\n<title>BROADCAST MOULD - Comprar en ACS Espa\u00f1a<\/title>\n<meta name=\"description\" content=\"BROADCAST MOULD - Tapones para los oidos - L\u00edder mundial en protecci\u00f3n auditiva personalizada. Suave silicona de grado m\u00e9dico con un ajuste perfecto. Comprar ahora!\" \/>\n<meta name=\"robots\" content=\"index, follow, max-snippet:-1, max-image-preview:large, max-video-preview:-1\" \/>\n<link rel=\"canonical\" href=\"https:\/\/acscustom.es\/en\/product\/broadcast-mould\/\" \/>\n<meta property=\"og:locale\" content=\"en_US\" \/>\n<meta property=\"og:type\" content=\"article\" \/>\n<meta property=\"og:title\" content=\"BROADCAST MOULD - Comprar en ACS Espa\u00f1a\" \/>\n<meta property=\"og:description\" content=\"BROADCAST MOULD - Tapones para los oidos - L\u00edder mundial en protecci\u00f3n auditiva personalizada. Suave silicona de grado m\u00e9dico con un ajuste perfecto. Comprar ahora!\" \/>\n<meta property=\"og:url\" content=\"https:\/\/acscustom.es\/en\/product\/broadcast-mould\/\" \/>\n<meta property=\"og:site_name\" content=\"Protectores Auditivos | In Ear Montors | Soluciones de Comunicaci\u00f3n\" \/>\n<meta property=\"article:publisher\" content=\"http:\/\/facebook.com\/acscustom\" \/>\n<meta property=\"article:modified_time\" content=\"2019-07-09T17:05:49+00:00\" \/>\n<meta property=\"og:image\" content=\"https:\/\/acscustom.es\/wp-content\/uploads\/2018\/04\/broadcast-mould-1.jpg\" \/>\n\t<meta property=\"og:image:width\" content=\"1000\" \/>\n\t<meta property=\"og:image:height\" content=\"662\" \/>\n\t<meta property=\"og:image:type\" content=\"image\/jpeg\" \/>\n<meta name=\"twitter:card\" content=\"summary_large_image\" \/>\n<meta name=\"twitter:site\" content=\"@acscustom\" \/>\n<meta name=\"twitter:label1\" content=\"Est. reading time\" \/>\n\t<meta name=\"twitter:data1\" content=\"1 minute\" \/>\n<script type=\"application\/ld+json\" class=\"yoast-schema-graph\">{\"@context\":\"https:\/\/schema.org\",\"@graph\":[{\"@type\":\"WebPage\",\"@id\":\"https:\/\/acscustom.es\/en\/product\/broadcast-mould\/\",\"url\":\"https:\/\/acscustom.es\/en\/product\/broadcast-mould\/\",\"name\":\"BROADCAST MOULD - Comprar en ACS Espa\u00f1a\",\"isPartOf\":{\"@id\":\"https:\/\/acscustom.es\/#website\"},\"primaryImageOfPage\":{\"@id\":\"https:\/\/acscustom.es\/en\/product\/broadcast-mould\/#primaryimage\"},\"image\":{\"@id\":\"https:\/\/acscustom.es\/en\/product\/broadcast-mould\/#primaryimage\"},\"thumbnailUrl\":\"https:\/\/acscustom.es\/wp-content\/uploads\/2018\/04\/broadcast-mould-1.jpg\",\"datePublished\":\"2018-04-09T16:14:54+00:00\",\"dateModified\":\"2019-07-09T17:05:49+00:00\",\"description\":\"BROADCAST MOULD - Tapones para los oidos - L\u00edder mundial en protecci\u00f3n auditiva personalizada. Suave silicona de grado m\u00e9dico con un ajuste perfecto. Comprar ahora!\",\"breadcrumb\":{\"@id\":\"https:\/\/acscustom.es\/en\/product\/broadcast-mould\/#breadcrumb\"},\"inLanguage\":\"en-US\",\"potentialAction\":[{\"@type\":\"ReadAction\",\"target\":[\"https:\/\/acscustom.es\/en\/product\/broadcast-mould\/\"]}]},{\"@type\":\"ImageObject\",\"inLanguage\":\"en-US\",\"@id\":\"https:\/\/acscustom.es\/en\/product\/broadcast-mould\/#primaryimage\",\"url\":\"https:\/\/acscustom.es\/wp-content\/uploads\/2018\/04\/broadcast-mould-1.jpg\",\"contentUrl\":\"https:\/\/acscustom.es\/wp-content\/uploads\/2018\/04\/broadcast-mould-1.jpg\",\"width\":1000,\"height\":662},{\"@type\":\"BreadcrumbList\",\"@id\":\"https:\/\/acscustom.es\/en\/product\/broadcast-mould\/#breadcrumb\",\"itemListElement\":[{\"@type\":\"ListItem\",\"position\":1,\"name\":\"Home\",\"item\":\"https:\/\/acscustom.es\/en\/\"},{\"@type\":\"ListItem\",\"position\":2,\"name\":\"Products\",\"item\":\"https:\/\/acscustom.es\/en\/products\/\"},{\"@type\":\"ListItem\",\"position\":3,\"name\":\"BROADCAST MOULD\"}]},{\"@type\":\"WebSite\",\"@id\":\"https:\/\/acscustom.es\/#website\",\"url\":\"https:\/\/acscustom.es\/\",\"name\":\"Protectores Auditivos | In Ear Montors | Soluciones de Comunicaci\u00f3n\",\"description\":\"Los mejores para los oidos con filtro de sonido del mundo para m\u00fasicos, industrias, aviaci\u00f3n, deportes de motor y militares\",\"publisher\":{\"@id\":\"https:\/\/acscustom.es\/#organization\"},\"potentialAction\":[{\"@type\":\"SearchAction\",\"target\":{\"@type\":\"EntryPoint\",\"urlTemplate\":\"https:\/\/acscustom.es\/?s={search_term_string}\"},\"query-input\":{\"@type\":\"PropertyValueSpecification\",\"valueRequired\":true,\"valueName\":\"search_term_string\"}}],\"inLanguage\":\"en-US\"},{\"@type\":\"Organization\",\"@id\":\"https:\/\/acscustom.es\/#organization\",\"name\":\"ACS Custom Espa\u00f1a\",\"url\":\"https:\/\/acscustom.es\/\",\"logo\":{\"@type\":\"ImageObject\",\"inLanguage\":\"en-US\",\"@id\":\"https:\/\/acscustom.es\/#\/schema\/logo\/image\/\",\"url\":\"https:\/\/acscustom.es\/wp-content\/uploads\/2019\/04\/acs-logo-grey.jpg\",\"contentUrl\":\"https:\/\/acscustom.es\/wp-content\/uploads\/2019\/04\/acs-logo-grey.jpg\",\"width\":576,\"height\":576,\"caption\":\"ACS Custom Espa\u00f1a\"},\"image\":{\"@id\":\"https:\/\/acscustom.es\/#\/schema\/logo\/image\/\"},\"sameAs\":[\"http:\/\/facebook.com\/acscustom\",\"https:\/\/x.com\/acscustom\",\"http:\/\/instagram.com\/acscustom\"]}]}<\/script>\n<!-- \/ Yoast SEO plugin. -->","yoast_head_json":{"title":"BROADCAST MOULD - Comprar en ACS Espa\u00f1a","description":"BROADCAST MOULD - Tapones para los oidos - L\u00edder mundial en protecci\u00f3n auditiva personalizada. Suave silicona de grado m\u00e9dico con un ajuste perfecto. Comprar ahora!","robots":{"index":"index","follow":"follow","max-snippet":"max-snippet:-1","max-image-preview":"max-image-preview:large","max-video-preview":"max-video-preview:-1"},"canonical":"https:\/\/acscustom.es\/en\/product\/broadcast-mould\/","og_locale":"en_US","og_type":"article","og_title":"BROADCAST MOULD - Comprar en ACS Espa\u00f1a","og_description":"BROADCAST MOULD - Tapones para los oidos - L\u00edder mundial en protecci\u00f3n auditiva personalizada. Suave silicona de grado m\u00e9dico con un ajuste perfecto. Comprar ahora!","og_url":"https:\/\/acscustom.es\/en\/product\/broadcast-mould\/","og_site_name":"Protectores Auditivos | In Ear Montors | Soluciones de Comunicaci\u00f3n","article_publisher":"http:\/\/facebook.com\/acscustom","article_modified_time":"2019-07-09T17:05:49+00:00","og_image":[{"width":1000,"height":662,"url":"https:\/\/acscustom.es\/wp-content\/uploads\/2018\/04\/broadcast-mould-1.jpg","type":"image\/jpeg"}],"twitter_card":"summary_large_image","twitter_site":"@acscustom","twitter_misc":{"Est. reading time":"1 minute"},"schema":{"@context":"https:\/\/schema.org","@graph":[{"@type":"WebPage","@id":"https:\/\/acscustom.es\/en\/product\/broadcast-mould\/","url":"https:\/\/acscustom.es\/en\/product\/broadcast-mould\/","name":"BROADCAST MOULD - Comprar en ACS Espa\u00f1a","isPartOf":{"@id":"https:\/\/acscustom.es\/#website"},"primaryImageOfPage":{"@id":"https:\/\/acscustom.es\/en\/product\/broadcast-mould\/#primaryimage"},"image":{"@id":"https:\/\/acscustom.es\/en\/product\/broadcast-mould\/#primaryimage"},"thumbnailUrl":"https:\/\/acscustom.es\/wp-content\/uploads\/2018\/04\/broadcast-mould-1.jpg","datePublished":"2018-04-09T16:14:54+00:00","dateModified":"2019-07-09T17:05:49+00:00","description":"BROADCAST MOULD - Tapones para los oidos - L\u00edder mundial en protecci\u00f3n auditiva personalizada. Suave silicona de grado m\u00e9dico con un ajuste perfecto. Comprar ahora!","breadcrumb":{"@id":"https:\/\/acscustom.es\/en\/product\/broadcast-mould\/#breadcrumb"},"inLanguage":"en-US","potentialAction":[{"@type":"ReadAction","target":["https:\/\/acscustom.es\/en\/product\/broadcast-mould\/"]}]},{"@type":"ImageObject","inLanguage":"en-US","@id":"https:\/\/acscustom.es\/en\/product\/broadcast-mould\/#primaryimage","url":"https:\/\/acscustom.es\/wp-content\/uploads\/2018\/04\/broadcast-mould-1.jpg","contentUrl":"https:\/\/acscustom.es\/wp-content\/uploads\/2018\/04\/broadcast-mould-1.jpg","width":1000,"height":662},{"@type":"BreadcrumbList","@id":"https:\/\/acscustom.es\/en\/product\/broadcast-mould\/#breadcrumb","itemListElement":[{"@type":"ListItem","position":1,"name":"Home","item":"https:\/\/acscustom.es\/en\/"},{"@type":"ListItem","position":2,"name":"Products","item":"https:\/\/acscustom.es\/en\/products\/"},{"@type":"ListItem","position":3,"name":"BROADCAST MOULD"}]},{"@type":"WebSite","@id":"https:\/\/acscustom.es\/#website","url":"https:\/\/acscustom.es\/","name":"Protectores Auditivos | In Ear Montors | Soluciones de Comunicaci\u00f3n","description":"Los mejores para los oidos con filtro de sonido del mundo para m\u00fasicos, industrias, aviaci\u00f3n, deportes de motor y militares","publisher":{"@id":"https:\/\/acscustom.es\/#organization"},"potentialAction":[{"@type":"SearchAction","target":{"@type":"EntryPoint","urlTemplate":"https:\/\/acscustom.es\/?s={search_term_string}"},"query-input":{"@type":"PropertyValueSpecification","valueRequired":true,"valueName":"search_term_string"}}],"inLanguage":"en-US"},{"@type":"Organization","@id":"https:\/\/acscustom.es\/#organization","name":"ACS Custom Espa\u00f1a","url":"https:\/\/acscustom.es\/","logo":{"@type":"ImageObject","inLanguage":"en-US","@id":"https:\/\/acscustom.es\/#\/schema\/logo\/image\/","url":"https:\/\/acscustom.es\/wp-content\/uploads\/2019\/04\/acs-logo-grey.jpg","contentUrl":"https:\/\/acscustom.es\/wp-content\/uploads\/2019\/04\/acs-logo-grey.jpg","width":576,"height":576,"caption":"ACS Custom Espa\u00f1a"},"image":{"@id":"https:\/\/acscustom.es\/#\/schema\/logo\/image\/"},"sameAs":["http:\/\/facebook.com\/acscustom","https:\/\/x.com\/acscustom","http:\/\/instagram.com\/acscustom"]}]}},"_links":{"self":[{"href":"https:\/\/acscustom.es\/en\/wp-json\/wp\/v2\/product\/6695","targetHints":{"allow":["GET"]}}],"collection":[{"href":"https:\/\/acscustom.es\/en\/wp-json\/wp\/v2\/product"}],"about":[{"href":"https:\/\/acscustom.es\/en\/wp-json\/wp\/v2\/types\/product"}],"wp:featuredmedia":[{"embeddable":true,"href":"https:\/\/acscustom.es\/en\/wp-json\/wp\/v2\/media\/6696"}],"wp:attachment":[{"href":"https:\/\/acscustom.es\/en\/wp-json\/wp\/v2\/media?parent=6695"}],"wp:term":[{"taxonomy":"product_brand","embeddable":true,"href":"https:\/\/acscustom.es\/en\/wp-json\/wp\/v2\/product_brand?post=6695"},{"taxonomy":"product_cat","embeddable":true,"href":"https:\/\/acscustom.es\/en\/wp-json\/wp\/v2\/product_cat?post=6695"},{"taxonomy":"product_tag","embeddable":true,"href":"https:\/\/acscustom.es\/en\/wp-json\/wp\/v2\/product_tag?post=6695"}],"curies":[{"name":"wp","href":"https:\/\/api.w.org\/{rel}","templated":true}]}}